{"id":46,"date":"2024-02-28T00:13:18","date_gmt":"2024-02-27T21:13:18","guid":{"rendered":"https:\/\/parlakgroup.com.tr\/stok-sayim\/?page_id=46"},"modified":"2024-05-28T00:26:30","modified_gmt":"2024-05-27T21:26:30","slug":"hizmetlerimiz","status":"publish","type":"page","link":"https:\/\/parlakgroup.com.tr\/stok-sayim\/hizmetlerimiz\/","title":{"rendered":"Hizmetlerimiz"},"content":{"rendered":"\t\t<div data-elementor-type=\"wp-page\" data-elementor-id=\"46\" class=\"elementor elementor-46\" data-elementor-post-type=\"page\">\n\t\t\t\t\t\t<section class=\"elementor-section elementor-top-section elementor-element elementor-element-02674c7 elementor-section-boxed elementor-section-height-default elementor-section-height-default\" data-id=\"02674c7\" data-element_type=\"section\" data-settings=\"{&quot;background_background&quot;:&quot;classic&quot;}\">\n\t\t\t\t\t\t\t<div class=\"elementor-background-overlay\"><\/div>\n\t\t\t\t\t\t\t<div class=\"elementor-container elementor-column-gap-default\">\n\t\t\t\t\t<div class=\"elementor-column elementor-col-100 elementor-top-column elementor-element elementor-element-87c6b64\" data-id=\"87c6b64\" data-element_type=\"column\">\n\t\t\t<div class=\"elementor-widget-wrap elementor-element-populated\">\n\t\t\t\t\t\t<div class=\"elementor-element elementor-element-a89a485 elementor-invisible elementor-widget elementor-widget-heading\" data-id=\"a89a485\" data-element_type=\"widget\" data-settings=\"{&quot;_animation&quot;:&quot;fadeInUp&quot;}\" data-widget_type=\"heading.default\">\n\t\t\t\t<div class=\"elementor-widget-container\">\n\t\t\t<style>\/*! elementor - v3.21.0 - 08-05-2024 *\/\n.elementor-heading-title{padding:0;margin:0;line-height:1}.elementor-widget-heading .elementor-heading-title[class*=elementor-size-]>a{color:inherit;font-size:inherit;line-height:inherit}.elementor-widget-heading .elementor-heading-title.elementor-size-small{font-size:15px}.elementor-widget-heading .elementor-heading-title.elementor-size-medium{font-size:19px}.elementor-widget-heading .elementor-heading-title.elementor-size-large{font-size:29px}.elementor-widget-heading .elementor-heading-title.elementor-size-xl{font-size:39px}.elementor-widget-heading .elementor-heading-title.elementor-size-xxl{font-size:59px}<\/style><h1 class=\"elementor-heading-title elementor-size-default\">\u00c7al\u0131\u015fma Alanlar\u0131m\u0131z<\/h1>\t\t<\/div>\n\t\t\t\t<\/div>\n\t\t\t\t<div class=\"elementor-element elementor-element-a213e11 elementor-icon-list--layout-inline elementor-align-center elementor-list-item-link-full_width elementor-widget elementor-widget-icon-list\" data-id=\"a213e11\" data-element_type=\"widget\" data-widget_type=\"icon-list.default\">\n\t\t\t\t<div class=\"elementor-widget-container\">\n\t\t\t<link rel=\"stylesheet\" href=\"https:\/\/parlakgroup.com.tr\/stok-sayim\/wp-content\/plugins\/elementor\/assets\/css\/widget-icon-list.min.css\">\t\t<ul class=\"elementor-icon-list-items elementor-inline-items\">\n\t\t\t\t\t\t\t<li class=\"elementor-icon-list-item elementor-inline-item\">\n\t\t\t\t\t\t\t\t\t\t\t<a href=\"\/\">\n\n\t\t\t\t\t\t\t\t\t\t\t\t<span class=\"elementor-icon-list-icon\">\n\t\t\t\t\t\t\t<svg aria-hidden=\"true\" class=\"e-font-icon-svg e-fas-home\" viewBox=\"0 0 576 512\" xmlns=\"http:\/\/www.w3.org\/2000\/svg\"><path d=\"M280.37 148.26L96 300.11V464a16 16 0 0 0 16 16l112.06-.29a16 16 0 0 0 15.92-16V368a16 16 0 0 1 16-16h64a16 16 0 0 1 16 16v95.64a16 16 0 0 0 16 16.05L464 480a16 16 0 0 0 16-16V300L295.67 148.26a12.19 12.19 0 0 0-15.3 0zM571.6 251.47L488 182.56V44.05a12 12 0 0 0-12-12h-56a12 12 0 0 0-12 12v72.61L318.47 43a48 48 0 0 0-61 0L4.34 251.47a12 12 0 0 0-1.6 16.9l25.5 31A12 12 0 0 0 45.15 301l235.22-193.74a12.19 12.19 0 0 1 15.3 0L530.9 301a12 12 0 0 0 16.9-1.6l25.5-31a12 12 0 0 0-1.7-16.93z\"><\/path><\/svg>\t\t\t\t\t\t<\/span>\n\t\t\t\t\t\t\t\t\t\t<span class=\"elementor-icon-list-text\">Anasayfa<\/span>\n\t\t\t\t\t\t\t\t\t\t\t<\/a>\n\t\t\t\t\t\t\t\t\t<\/li>\n\t\t\t\t\t\t\t\t<li class=\"elementor-icon-list-item elementor-inline-item\">\n\t\t\t\t\t\t\t\t\t\t\t<span class=\"elementor-icon-list-icon\">\n\t\t\t\t\t\t\t<svg aria-hidden=\"true\" class=\"e-font-icon-svg e-fas-bookmark\" viewBox=\"0 0 384 512\" xmlns=\"http:\/\/www.w3.org\/2000\/svg\"><path d=\"M0 512V48C0 21.49 21.49 0 48 0h288c26.51 0 48 21.49 48 48v464L192 400 0 512z\"><\/path><\/svg>\t\t\t\t\t\t<\/span>\n\t\t\t\t\t\t\t\t\t\t<span class=\"elementor-icon-list-text\">Hizmetlerimiz<\/span>\n\t\t\t\t\t\t\t\t\t<\/li>\n\t\t\t\t\t\t<\/ul>\n\t\t\t\t<\/div>\n\t\t\t\t<\/div>\n\t\t\t\t\t<\/div>\n\t\t<\/div>\n\t\t\t\t\t<\/div>\n\t\t<\/section>\n\t\t\t\t<section class=\"elementor-section elementor-top-section elementor-element elementor-element-8067201 elementor-section-boxed elementor-section-height-default elementor-section-height-default\" data-id=\"8067201\" data-element_type=\"section\" data-settings=\"{&quot;background_background&quot;:&quot;classic&quot;}\">\n\t\t\t\t\t\t<div class=\"elementor-container elementor-column-gap-default\">\n\t\t\t\t\t<div class=\"elementor-column elementor-col-100 elementor-top-column elementor-element elementor-element-8483f09\" data-id=\"8483f09\" data-element_type=\"column\">\n\t\t\t<div class=\"elementor-widget-wrap elementor-element-populated\">\n\t\t\t\t\t\t<div class=\"elementor-element elementor-element-58b5b0b elementor-invisible elementor-widget elementor-widget-heading\" data-id=\"58b5b0b\" data-element_type=\"widget\" data-settings=\"{&quot;_animation&quot;:&quot;fadeInUp&quot;}\" data-widget_type=\"heading.default\">\n\t\t\t\t<div class=\"elementor-widget-container\">\n\t\t\t<h2 class=\"elementor-heading-title elementor-size-default\">Neler Yap\u0131yoruz?<\/h2>\t\t<\/div>\n\t\t\t\t<\/div>\n\t\t\t\t<div class=\"elementor-element elementor-element-f2642c5 elementor-invisible elementor-widget elementor-widget-text-editor\" data-id=\"f2642c5\" data-element_type=\"widget\" data-settings=\"{&quot;_animation&quot;:&quot;fadeInUp&quot;,&quot;_animation_delay&quot;:100}\" data-widget_type=\"text-editor.default\">\n\t\t\t\t<div class=\"elementor-widget-container\">\n\t\t\t<style>\/*! elementor - v3.21.0 - 08-05-2024 *\/\n.elementor-widget-text-editor.elementor-drop-cap-view-stacked .elementor-drop-cap{background-color:#69727d;color:#fff}.elementor-widget-text-editor.elementor-drop-cap-view-framed .elementor-drop-cap{color:#69727d;border:3px solid;background-color:transparent}.elementor-widget-text-editor:not(.elementor-drop-cap-view-default) .elementor-drop-cap{margin-top:8px}.elementor-widget-text-editor:not(.elementor-drop-cap-view-default) .elementor-drop-cap-letter{width:1em;height:1em}.elementor-widget-text-editor .elementor-drop-cap{float:left;text-align:center;line-height:1;font-size:50px}.elementor-widget-text-editor .elementor-drop-cap-letter{display:inline-block}<\/style>\t\t\t\t<p>\u0130\u015f s\u00fcre\u00e7lerinizi optimize ederek, i\u015f g\u00fcc\u00fcn\u00fcz\u00fc g\u00fc\u00e7lendirmek ve \u015firketinizin b\u00fcy\u00fcme potansiyelini maksimize etmek i\u00e7in bizimle ileti\u015fime ge\u00e7in. Gelece\u011finizi birlikte \u015fekillendirelim!<\/p>\t\t\t\t\t\t<\/div>\n\t\t\t\t<\/div>\n\t\t\t\t\t<\/div>\n\t\t<\/div>\n\t\t\t\t\t<\/div>\n\t\t<\/section>\n\t\t\t\t<section class=\"elementor-section elementor-top-section elementor-element elementor-element-af798dd elementor-section-boxed elementor-section-height-default elementor-section-height-default\" data-id=\"af798dd\" data-element_type=\"section\" data-settings=\"{&quot;background_background&quot;:&quot;classic&quot;}\">\n\t\t\t\t\t\t<div class=\"elementor-container elementor-column-gap-default\">\n\t\t\t\t\t<div class=\"elementor-column elementor-col-33 elementor-top-column elementor-element elementor-element-16322a1 elementor-invisible\" data-id=\"16322a1\" data-element_type=\"column\" data-settings=\"{&quot;background_background&quot;:&quot;classic&quot;,&quot;animation&quot;:&quot;fadeInUp&quot;,&quot;animation_delay&quot;:&quot;100&quot;}\">\n\t\t\t<div class=\"elementor-widget-wrap elementor-element-populated\">\n\t\t\t\t\t\t<div class=\"elementor-element elementor-element-d0424cd elementor-widget elementor-widget-image\" data-id=\"d0424cd\" data-element_type=\"widget\" data-widget_type=\"image.default\">\n\t\t\t\t<div class=\"elementor-widget-container\">\n\t\t\t<style>\/*! elementor - v3.21.0 - 08-05-2024 *\/\n.elementor-widget-image{text-align:center}.elementor-widget-image a{display:inline-block}.elementor-widget-image a img[src$=\".svg\"]{width:48px}.elementor-widget-image img{vertical-align:middle;display:inline-block}<\/style>\t\t\t\t\t\t\t\t\t\t<img fetchpriority=\"high\" decoding=\"async\" width=\"1200\" height=\"757\" src=\"https:\/\/parlakgroup.com.tr\/stok-sayim\/wp-content\/uploads\/2024\/04\/stok-sayim.png\" class=\"attachment-full size-full wp-image-363\" alt=\"\" srcset=\"https:\/\/parlakgroup.com.tr\/stok-sayim\/wp-content\/uploads\/2024\/04\/stok-sayim.png 1200w, https:\/\/parlakgroup.com.tr\/stok-sayim\/wp-content\/uploads\/2024\/04\/stok-sayim-300x189.png 300w, https:\/\/parlakgroup.com.tr\/stok-sayim\/wp-content\/uploads\/2024\/04\/stok-sayim-1024x646.png 1024w, https:\/\/parlakgroup.com.tr\/stok-sayim\/wp-content\/uploads\/2024\/04\/stok-sayim-768x484.png 768w\" sizes=\"(max-width: 1200px) 100vw, 1200px\" \/>\t\t\t\t\t\t\t\t\t\t\t\t\t<\/div>\n\t\t\t\t<\/div>\n\t\t\t\t<div class=\"elementor-element elementor-element-97bca0a elementor-invisible elementor-widget elementor-widget-heading\" data-id=\"97bca0a\" data-element_type=\"widget\" data-settings=\"{&quot;_animation&quot;:&quot;fadeInUp&quot;}\" data-widget_type=\"heading.default\">\n\t\t\t\t<div class=\"elementor-widget-container\">\n\t\t\t<h3 class=\"elementor-heading-title elementor-size-default\">Ma\u011faza Say\u0131m Hizmetleri<\/h3>\t\t<\/div>\n\t\t\t\t<\/div>\n\t\t\t\t<div class=\"elementor-element elementor-element-968b63a elementor-invisible elementor-widget elementor-widget-text-editor\" data-id=\"968b63a\" data-element_type=\"widget\" data-settings=\"{&quot;_animation&quot;:&quot;fadeInUp&quot;,&quot;_animation_delay&quot;:100}\" data-widget_type=\"text-editor.default\">\n\t\t\t\t<div class=\"elementor-widget-container\">\n\t\t\t\t\t\t\t<p>Firmam\u0131z, detayl\u0131 ve hassas ma\u011faza say\u0131m hizmetleri ile perakende sekt\u00f6r\u00fcne y\u00f6nelik \u00e7\u00f6z\u00fcmler sunmaktad\u0131r. M\u00fc\u015fterilerimizin envanter do\u011frulu\u011funu sa\u011flamak ve stok y\u00f6netimini optimizasyonunu desteklemek amac\u0131yla, deneyimli ekiplerimiz ve geli\u015fmi\u015f say\u0131m tekniklerimizle hizmet vermekteyiz. Bu hizmetler, envanter kay\u0131plar\u0131n\u0131 minimize etme, maliyet y\u00f6netimi ve sat\u0131\u015f stratejilerinin geli\u015ftirilmesinde kritik bir rol oynamaktad\u0131r.<\/p>\t\t\t\t\t\t<\/div>\n\t\t\t\t<\/div>\n\t\t\t\t\t<\/div>\n\t\t<\/div>\n\t\t\t\t<div class=\"elementor-column elementor-col-33 elementor-top-column elementor-element elementor-element-b5a6c96 elementor-invisible\" data-id=\"b5a6c96\" data-element_type=\"column\" data-settings=\"{&quot;background_background&quot;:&quot;classic&quot;,&quot;animation&quot;:&quot;fadeInUp&quot;,&quot;animation_delay&quot;:&quot;100&quot;}\">\n\t\t\t<div class=\"elementor-widget-wrap elementor-element-populated\">\n\t\t\t\t\t\t<div class=\"elementor-element elementor-element-6dd4989 elementor-widget elementor-widget-image\" data-id=\"6dd4989\" data-element_type=\"widget\" data-widget_type=\"image.default\">\n\t\t\t\t<div class=\"elementor-widget-container\">\n\t\t\t\t\t\t\t\t\t\t\t\t\t<img decoding=\"async\" width=\"1200\" height=\"757\" src=\"https:\/\/parlakgroup.com.tr\/stok-sayim\/wp-content\/uploads\/2024\/04\/depo-sayim.png\" class=\"attachment-full size-full wp-image-372\" alt=\"\" srcset=\"https:\/\/parlakgroup.com.tr\/stok-sayim\/wp-content\/uploads\/2024\/04\/depo-sayim.png 1200w, https:\/\/parlakgroup.com.tr\/stok-sayim\/wp-content\/uploads\/2024\/04\/depo-sayim-300x189.png 300w, https:\/\/parlakgroup.com.tr\/stok-sayim\/wp-content\/uploads\/2024\/04\/depo-sayim-1024x646.png 1024w, https:\/\/parlakgroup.com.tr\/stok-sayim\/wp-content\/uploads\/2024\/04\/depo-sayim-768x484.png 768w\" sizes=\"(max-width: 1200px) 100vw, 1200px\" \/>\t\t\t\t\t\t\t\t\t\t\t\t\t<\/div>\n\t\t\t\t<\/div>\n\t\t\t\t<div class=\"elementor-element elementor-element-f04d325 elementor-invisible elementor-widget elementor-widget-heading\" data-id=\"f04d325\" data-element_type=\"widget\" data-settings=\"{&quot;_animation&quot;:&quot;fadeInUp&quot;}\" data-widget_type=\"heading.default\">\n\t\t\t\t<div class=\"elementor-widget-container\">\n\t\t\t<h3 class=\"elementor-heading-title elementor-size-default\">Depo Say\u0131m Hizmetleri<\/h3>\t\t<\/div>\n\t\t\t\t<\/div>\n\t\t\t\t<div class=\"elementor-element elementor-element-3e2ca14 elementor-invisible elementor-widget elementor-widget-text-editor\" data-id=\"3e2ca14\" data-element_type=\"widget\" data-settings=\"{&quot;_animation&quot;:&quot;fadeInUp&quot;,&quot;_animation_delay&quot;:100}\" data-widget_type=\"text-editor.default\">\n\t\t\t\t<div class=\"elementor-widget-container\">\n\t\t\t\t\t\t\t<p>\u015eirketimiz, lojistik ve depolama alanlar\u0131nda faaliyet g\u00f6steren i\u015fletmeler i\u00e7in profesyonel depo say\u0131m hizmetleri sa\u011flamaktad\u0131r. Envanterin do\u011fru ve g\u00fcncel bir \u015fekilde y\u00f6netilmesini garanti eden bu hizmetlerimiz, depo y\u00f6netimi s\u00fcre\u00e7lerinin verimlili\u011fini art\u0131r\u0131rken, operasyonel maliyetleri d\u00fc\u015f\u00fcrmeye yard\u0131mc\u0131 olur. Geli\u015fmi\u015f say\u0131m ekipmanlar\u0131m\u0131z ve tecr\u00fcbeli personelimizle, m\u00fc\u015fterilerimizin depo y\u00f6netimindeki zorluklar\u0131na \u00e7\u00f6z\u00fcmler \u00fcretiyoruz.<\/p>\t\t\t\t\t\t<\/div>\n\t\t\t\t<\/div>\n\t\t\t\t\t<\/div>\n\t\t<\/div>\n\t\t\t\t<div class=\"elementor-column elementor-col-33 elementor-top-column elementor-element elementor-element-bcf1a0e elementor-invisible\" data-id=\"bcf1a0e\" data-element_type=\"column\" data-settings=\"{&quot;background_background&quot;:&quot;classic&quot;,&quot;animation&quot;:&quot;fadeInUp&quot;,&quot;animation_delay&quot;:&quot;100&quot;}\">\n\t\t\t<div class=\"elementor-widget-wrap elementor-element-populated\">\n\t\t\t\t\t\t<div class=\"elementor-element elementor-element-5c025db elementor-widget elementor-widget-image\" data-id=\"5c025db\" data-element_type=\"widget\" data-widget_type=\"image.default\">\n\t\t\t\t<div class=\"elementor-widget-container\">\n\t\t\t\t\t\t\t\t\t\t\t\t\t<img decoding=\"async\" width=\"1200\" height=\"757\" src=\"https:\/\/parlakgroup.com.tr\/stok-sayim\/wp-content\/uploads\/2024\/04\/demirbas-sayim.png\" class=\"attachment-full size-full wp-image-374\" alt=\"\" srcset=\"https:\/\/parlakgroup.com.tr\/stok-sayim\/wp-content\/uploads\/2024\/04\/demirbas-sayim.png 1200w, https:\/\/parlakgroup.com.tr\/stok-sayim\/wp-content\/uploads\/2024\/04\/demirbas-sayim-300x189.png 300w, https:\/\/parlakgroup.com.tr\/stok-sayim\/wp-content\/uploads\/2024\/04\/demirbas-sayim-1024x646.png 1024w, https:\/\/parlakgroup.com.tr\/stok-sayim\/wp-content\/uploads\/2024\/04\/demirbas-sayim-768x484.png 768w\" sizes=\"(max-width: 1200px) 100vw, 1200px\" \/>\t\t\t\t\t\t\t\t\t\t\t\t\t<\/div>\n\t\t\t\t<\/div>\n\t\t\t\t<div class=\"elementor-element elementor-element-a281428 elementor-invisible elementor-widget elementor-widget-heading\" data-id=\"a281428\" data-element_type=\"widget\" data-settings=\"{&quot;_animation&quot;:&quot;fadeInUp&quot;}\" data-widget_type=\"heading.default\">\n\t\t\t\t<div class=\"elementor-widget-container\">\n\t\t\t<h3 class=\"elementor-heading-title elementor-size-default\">Demirba\u015f Say\u0131m Hizmetleri<\/h3>\t\t<\/div>\n\t\t\t\t<\/div>\n\t\t\t\t<div class=\"elementor-element elementor-element-81f9cef elementor-invisible elementor-widget elementor-widget-text-editor\" data-id=\"81f9cef\" data-element_type=\"widget\" data-settings=\"{&quot;_animation&quot;:&quot;fadeInUp&quot;,&quot;_animation_delay&quot;:100}\" data-widget_type=\"text-editor.default\">\n\t\t\t\t<div class=\"elementor-widget-container\">\n\t\t\t\t\t\t\t<p>Firmam\u0131z, kurumlar\u0131n sabit k\u0131ymetlerinin ve demirba\u015flar\u0131n\u0131n kay\u0131t alt\u0131na al\u0131nmas\u0131, takibi ve y\u00f6netilmesi konusunda uzmanla\u015fm\u0131\u015f demirba\u015f say\u0131m hizmetleri sunar. Bu hizmetler, \u015firketlerin mali raporlama ve varl\u0131k y\u00f6netimi s\u00fcre\u00e7lerinde b\u00fcy\u00fck bir hassasiyet ve do\u011fruluk gerektirir. M\u00fc\u015fterilerimizin demirba\u015flar\u0131n\u0131n do\u011fru bir \u015fekilde s\u0131n\u0131fland\u0131r\u0131lmas\u0131n\u0131, kaydedilmesini ve de\u011ferlendirilmesini sa\u011flayarak, mali sa\u011fl\u0131klar\u0131n\u0131n korunmas\u0131na katk\u0131da bulunuyoruz.<\/p>\t\t\t\t\t\t<\/div>\n\t\t\t\t<\/div>\n\t\t\t\t\t<\/div>\n\t\t<\/div>\n\t\t\t\t\t<\/div>\n\t\t<\/section>\n\t\t\t\t<\/div>\n\t\t","protected":false},"excerpt":{"rendered":"<p>\u00c7al\u0131\u015fma Alanlar\u0131m\u0131z Anasayfa Neler Yap\u0131yoruz? \u0130\u015f s\u00fcre\u00e7lerinizi optimize ederek, i\u015f g\u00fcc\u00fcn\u00fcz\u00fc g\u00fc\u00e7lendirmek ve \u015firketinizin b\u00fcy\u00fcme potansiyelini maksimize etmek i\u00e7in bizimle ileti\u015fime ge\u00e7in. Gelece\u011finizi birlikte \u015fekillendirelim! Ma\u011faza Say\u0131m Hizmetleri Firmam\u0131z, detayl\u0131 ve hassas ma\u011faza say\u0131m hizmetleri ile perakende sekt\u00f6r\u00fcne y\u00f6nelik \u00e7\u00f6z\u00fcmler sunmaktad\u0131r. M\u00fc\u015fterilerimizin envanter do\u011frulu\u011funu sa\u011flamak ve stok y\u00f6netimini optimizasyonunu desteklemek amac\u0131yla, deneyimli ekiplerimiz ve geli\u015fmi\u015f [&hellip;]<\/p>\n","protected":false},"author":1,"featured_media":0,"parent":0,"menu_order":0,"comment_status":"closed","ping_status":"closed","template":"elementor_header_footer","meta":{"footnotes":""},"class_list":["post-46","page","type-page","status-publish","hentry"],"_links":{"self":[{"href":"https:\/\/parlakgroup.com.tr\/stok-sayim\/wp-json\/wp\/v2\/pages\/46","targetHints":{"allow":["GET"]}}],"collection":[{"href":"https:\/\/parlakgroup.com.tr\/stok-sayim\/wp-json\/wp\/v2\/pages"}],"about":[{"href":"https:\/\/parlakgroup.com.tr\/stok-sayim\/wp-json\/wp\/v2\/types\/page"}],"author":[{"embeddable":true,"href":"https:\/\/parlakgroup.com.tr\/stok-sayim\/wp-json\/wp\/v2\/users\/1"}],"replies":[{"embeddable":true,"href":"https:\/\/parlakgroup.com.tr\/stok-sayim\/wp-json\/wp\/v2\/comments?post=46"}],"version-history":[{"count":19,"href":"https:\/\/parlakgroup.com.tr\/stok-sayim\/wp-json\/wp\/v2\/pages\/46\/revisions"}],"predecessor-version":[{"id":492,"href":"https:\/\/parlakgroup.com.tr\/stok-sayim\/wp-json\/wp\/v2\/pages\/46\/revisions\/492"}],"wp:attachment":[{"href":"https:\/\/parlakgroup.com.tr\/stok-sayim\/wp-json\/wp\/v2\/media?parent=46"}],"curies":[{"name":"wp","href":"https:\/\/api.w.org\/{rel}","templated":true}]}}